{"id":4411,"date":"2021-02-13T03:40:41","date_gmt":"2021-02-13T01:40:41","guid":{"rendered":"https:\/\/test.chicken-44.com\/?page_id=4411"},"modified":"2025-01-11T00:51:06","modified_gmt":"2025-01-10T23:51:06","slug":"notre-carte","status":"publish","type":"page","link":"https:\/\/afrikcity91.fr\/commande\/","title":{"rendered":"Notre Carte"},"content":{"rendered":"\n<p>Vous avez la possibilit\u00e9 de passer commande sur le site et soit payer lors de la livraison (esp\u00e8ce), soit de payer en ligne via notre syst\u00e8me de paiement s\u00e9curis\u00e9.<\/p>\n\n\n\n<p>Horaires de livraison : De 20h \u00e0 2h du matin en semaine et jusqu&rsquo;\u00e0 4h le weekend.<\/p>\n\n\n\n<p>Ou bien vous pouvez nous appeler ou nous envoyer un sms pour passer votre commande au <a href=\"tel:0758389089\" data-type=\"tel\" data-id=\"tel:0758389089\">07 58 38 90 89<\/a>.<\/p>\n\n\n\n<p>Sinon n&rsquo;h\u00e9sitez pas \u00e0 nous \u00e9crire via le Tchat ci-dessous ou appelez-nous au <a href=\"tel:0758389089\" data-type=\"tel\" data-id=\"tel:0758389089\">07 58 38 90 89<\/a> si besoin.<\/p>\n\n\n\n<p>Num\u00e9ro de service : <a href=\"tel:0758389089\" data-type=\"tel\" data-id=\"tel:0758389089\">07 58 38 90 89<\/a><\/p>\n\n\n\n<p class=\"has-text-align-center\"><strong><em>S\u00e9lectionnez vos produits<\/em><\/strong><\/p>\n\n\n <div class=\"woofood-accordion\"> <a class=\"collapsed\" data-toggle=\"collapse\" data-target=\"#wf-accordion-nos20plats\" href=\"#wf-accordion-nos20plats\" aria-expanded=\"false\" aria-controls=\"collapseThree\">  <div class=\"panel-heading panel-heading-title\" style=\"\n          \n              background:#B9955F;\n            \"\n            ><img decoding=\"async\" src=\"https:\/\/afrikcity91.fr\/commande\/wp-content\/uploads\/2024\/12\/plats.png\"\/><h4 class=\"panel-title\" style=\"color: white\">Nos Plats<\/h4> <div class=\"accordion-plus-icon\" >\n<i class=\"woofood-icon-plus-circled\" style=\"color: white\" ><\/i> \n<\/div>  <\/div><\/a>  <div id=\"wf-accordion-nos20plats\" class=\"panel-collapse collapse\" role=\"tabpanel\" aria-labelledby=\"headingThree\">\n<div class=\"panel-body\"><div class=\"woofood-products-wrapper\"><ul class=\"woofood-products\">  <li class=\"woofood-product-loop \">\n     <div class=\"product-image\">\n        <img loading=\"lazy\" decoding=\"async\" width=\"60\" height=\"60\" src=\"https:\/\/afrikcity91.fr\/commande\/wp-content\/uploads\/2024\/12\/tiep-60x60.jpg\" class=\"attachment-woofood-accordion size-woofood-accordion wp-post-image\" alt=\"\" srcset=\"https:\/\/afrikcity91.fr\/commande\/wp-content\/uploads\/2024\/12\/tiep-60x60.jpg 60w, https:\/\/afrikcity91.fr\/commande\/wp-content\/uploads\/2024\/12\/tiep-150x150.jpg 150w, https:\/\/afrikcity91.fr\/commande\/wp-content\/uploads\/2024\/12\/tiep-400x400.jpg 400w, https:\/\/afrikcity91.fr\/commande\/wp-content\/uploads\/2024\/12\/tiep-300x300.jpg 300w, https:\/\/afrikcity91.fr\/commande\/wp-content\/uploads\/2024\/12\/tiep-100x100.jpg 100w\" sizes=\"auto, (max-width: 60px) 100vw, 60px\" \/>  <\/div>\n    <div class=\"product-title\">\n<span>Tieb Poulet<\/span>\n        <div class=\"product-short-descr\">\n    <span>Riz \"rouge\" avec sa cuisse de poulet et ses l\u00e9gumes.<\/span>\n    <\/div>\n          <\/div>\n  <div class=\"product-price\">\n  <span class=\"woocommerce-Price-amount amount\"><bdi>10,00<span class=\"woocommerce-Price-currencySymbol\">&euro;<\/span><\/bdi><\/span>  <\/div>\n  <div class=\"product-button\">\n  \n                <form action=\"\/commande\/wp-json\/wp\/v2\/pages\/4411?add-to-cart=5107\" class=\"cart\" method=\"post\" enctype=\"multipart\/form-data\">\n<button type=\"submit\" data-product_id=\"5107\" data-product_sku=\"\" data-quantity=\"1\" class=\"add_to_cart_button button product_type_simple ajax_add_to_cart \">Ajouter<\/button>            <\/form>\n\n    \n<\/div>\n<\/li>\n  <li class=\"woofood-product-loop \">\n     <div class=\"product-image\">\n        <img loading=\"lazy\" decoding=\"async\" width=\"60\" height=\"60\" src=\"https:\/\/afrikcity91.fr\/commande\/wp-content\/uploads\/2024\/12\/tieb-poisson-60x60.jpg\" class=\"attachment-woofood-accordion size-woofood-accordion wp-post-image\" alt=\"\" srcset=\"https:\/\/afrikcity91.fr\/commande\/wp-content\/uploads\/2024\/12\/tieb-poisson-60x60.jpg 60w, https:\/\/afrikcity91.fr\/commande\/wp-content\/uploads\/2024\/12\/tieb-poisson-150x150.jpg 150w, https:\/\/afrikcity91.fr\/commande\/wp-content\/uploads\/2024\/12\/tieb-poisson-400x400.jpg 400w, https:\/\/afrikcity91.fr\/commande\/wp-content\/uploads\/2024\/12\/tieb-poisson-300x300.jpg 300w, https:\/\/afrikcity91.fr\/commande\/wp-content\/uploads\/2024\/12\/tieb-poisson-100x100.jpg 100w\" sizes=\"auto, (max-width: 60px) 100vw, 60px\" \/>  <\/div>\n    <div class=\"product-title\">\n<span>Tieb Poisson<\/span>\n        <div class=\"product-short-descr\">\n    <span>Riz \"rouge\" avec son poisson et ses l\u00e9gumes.<\/span>\n    <\/div>\n          <\/div>\n  <div class=\"product-price\">\n  <span class=\"woocommerce-Price-amount amount\"><bdi>11,00<span class=\"woocommerce-Price-currencySymbol\">&euro;<\/span><\/bdi><\/span>  <\/div>\n  <div class=\"product-button\">\n  \n                <form action=\"\/commande\/wp-json\/wp\/v2\/pages\/4411?add-to-cart=5116\" class=\"cart\" method=\"post\" enctype=\"multipart\/form-data\">\n<button type=\"submit\" data-product_id=\"5116\" data-product_sku=\"\" data-quantity=\"1\" class=\"add_to_cart_button button product_type_simple ajax_add_to_cart \">Ajouter<\/button>            <\/form>\n\n    \n<\/div>\n<\/li>\n  <li class=\"woofood-product-loop \">\n     <div class=\"product-image\">\n        <img loading=\"lazy\" decoding=\"async\" width=\"60\" height=\"60\" src=\"https:\/\/afrikcity91.fr\/commande\/wp-content\/uploads\/2024\/12\/tiebbrochette-60x60.png\" class=\"attachment-woofood-accordion size-woofood-accordion wp-post-image\" alt=\"\" srcset=\"https:\/\/afrikcity91.fr\/commande\/wp-content\/uploads\/2024\/12\/tiebbrochette-60x60.png 60w, https:\/\/afrikcity91.fr\/commande\/wp-content\/uploads\/2024\/12\/tiebbrochette-150x150.png 150w, https:\/\/afrikcity91.fr\/commande\/wp-content\/uploads\/2024\/12\/tiebbrochette-400x400.png 400w, https:\/\/afrikcity91.fr\/commande\/wp-content\/uploads\/2024\/12\/tiebbrochette-300x300.png 300w, https:\/\/afrikcity91.fr\/commande\/wp-content\/uploads\/2024\/12\/tiebbrochette-100x100.png 100w\" sizes=\"auto, (max-width: 60px) 100vw, 60px\" \/>  <\/div>\n    <div class=\"product-title\">\n<span>Tieb Brochettes de boeuf\/poulet<\/span>\n        <div class=\"product-short-descr\">\n    <span>Riz \"rouge\" avec ses brochettes de b\u0153uf et poulet et ses l\u00e9gumes.<\/span>\n    <\/div>\n          <\/div>\n  <div class=\"product-price\">\n  <span class=\"woocommerce-Price-amount amount\"><bdi>10,00<span class=\"woocommerce-Price-currencySymbol\">&euro;<\/span><\/bdi><\/span>  <\/div>\n  <div class=\"product-button\">\n  \n                <form action=\"\/commande\/wp-json\/wp\/v2\/pages\/4411?add-to-cart=5117\" class=\"cart\" method=\"post\" enctype=\"multipart\/form-data\">\n<button type=\"submit\" data-product_id=\"5117\" data-product_sku=\"\" data-quantity=\"1\" class=\"add_to_cart_button button product_type_simple ajax_add_to_cart \">Ajouter<\/button>            <\/form>\n\n    \n<\/div>\n<\/li>\n  <li class=\"woofood-product-loop \">\n     <div class=\"product-image\">\n        <img loading=\"lazy\" decoding=\"async\" width=\"60\" height=\"60\" src=\"https:\/\/afrikcity91.fr\/commande\/wp-content\/uploads\/2024\/12\/yassa-60x60.jpg\" class=\"attachment-woofood-accordion size-woofood-accordion wp-post-image\" alt=\"\" srcset=\"https:\/\/afrikcity91.fr\/commande\/wp-content\/uploads\/2024\/12\/yassa-60x60.jpg 60w, https:\/\/afrikcity91.fr\/commande\/wp-content\/uploads\/2024\/12\/yassa-150x150.jpg 150w, https:\/\/afrikcity91.fr\/commande\/wp-content\/uploads\/2024\/12\/yassa-400x400.jpg 400w, https:\/\/afrikcity91.fr\/commande\/wp-content\/uploads\/2024\/12\/yassa-300x300.jpg 300w, https:\/\/afrikcity91.fr\/commande\/wp-content\/uploads\/2024\/12\/yassa-100x100.jpg 100w\" sizes=\"auto, (max-width: 60px) 100vw, 60px\" \/>  <\/div>\n    <div class=\"product-title\">\n<span>Yassa Poulet<\/span>\n        <div class=\"product-short-descr\">\n    <span>Riz blanc cuit \u00e0 la vapeur avec son poulet et sa sauce \u00e0 l'oignon.<\/span>\n    <\/div>\n          <\/div>\n  <div class=\"product-price\">\n  <span class=\"woocommerce-Price-amount amount\"><bdi>10,00<span class=\"woocommerce-Price-currencySymbol\">&euro;<\/span><\/bdi><\/span>  <\/div>\n  <div class=\"product-button\">\n  \n                <form action=\"\/commande\/wp-json\/wp\/v2\/pages\/4411?add-to-cart=5118\" class=\"cart\" method=\"post\" enctype=\"multipart\/form-data\">\n<button type=\"submit\" data-product_id=\"5118\" data-product_sku=\"\" data-quantity=\"1\" class=\"add_to_cart_button button product_type_simple ajax_add_to_cart \">Ajouter<\/button>            <\/form>\n\n    \n<\/div>\n<\/li>\n  <li class=\"woofood-product-loop \">\n     <div class=\"product-image\">\n        <img loading=\"lazy\" decoding=\"async\" width=\"60\" height=\"60\" src=\"https:\/\/afrikcity91.fr\/commande\/wp-content\/uploads\/2024\/12\/mafe-boeuf-60x60.jpg\" class=\"attachment-woofood-accordion size-woofood-accordion wp-post-image\" alt=\"\" srcset=\"https:\/\/afrikcity91.fr\/commande\/wp-content\/uploads\/2024\/12\/mafe-boeuf-60x60.jpg 60w, https:\/\/afrikcity91.fr\/commande\/wp-content\/uploads\/2024\/12\/mafe-boeuf-150x150.jpg 150w, https:\/\/afrikcity91.fr\/commande\/wp-content\/uploads\/2024\/12\/mafe-boeuf-400x400.jpg 400w, https:\/\/afrikcity91.fr\/commande\/wp-content\/uploads\/2024\/12\/mafe-boeuf-300x300.jpg 300w, https:\/\/afrikcity91.fr\/commande\/wp-content\/uploads\/2024\/12\/mafe-boeuf-100x100.jpg 100w\" sizes=\"auto, (max-width: 60px) 100vw, 60px\" \/>  <\/div>\n    <div class=\"product-title\">\n<span>Mafe Boeuf<\/span>\n        <div class=\"product-short-descr\">\n    <span>Riz blanc, sauce \u00e0 la p\u00e2te d'arachide avec ses tendres morceaux de boeuf.<\/span>\n    <\/div>\n          <\/div>\n  <div class=\"product-price\">\n  <span class=\"woocommerce-Price-amount amount\"><bdi>10,00<span class=\"woocommerce-Price-currencySymbol\">&euro;<\/span><\/bdi><\/span>  <\/div>\n  <div class=\"product-button\">\n  \n                <form action=\"\/commande\/wp-json\/wp\/v2\/pages\/4411?add-to-cart=5119\" class=\"cart\" method=\"post\" enctype=\"multipart\/form-data\">\n<button type=\"submit\" data-product_id=\"5119\" data-product_sku=\"\" data-quantity=\"1\" class=\"add_to_cart_button button product_type_simple ajax_add_to_cart \">Ajouter<\/button>            <\/form>\n\n    \n<\/div>\n<\/li>\n<\/ul><\/div>\n<\/div>\n<\/div>\n<\/div>\n\n\n <div class=\"woofood-accordion\"> <a class=\"collapsed\" data-toggle=\"collapse\" data-target=\"#wf-accordion-les20entrc3a9es\" href=\"#wf-accordion-les20entrc3a9es\" aria-expanded=\"false\" aria-controls=\"collapseThree\">  <div class=\"panel-heading panel-heading-title\" style=\"\n          \n              background:#B9955F;\n            \"\n            ><img decoding=\"async\" src=\"https:\/\/afrikcity91.fr\/commande\/wp-content\/uploads\/2024\/12\/extra.png\"\/><h4 class=\"panel-title\" style=\"color: white\">Les Entr\u00e9es<\/h4> <div class=\"accordion-plus-icon\" >\n<i class=\"woofood-icon-plus-circled\" style=\"color: white\" ><\/i> \n<\/div>  <\/div><\/a>  <div id=\"wf-accordion-les20entrc3a9es\" class=\"panel-collapse collapse\" role=\"tabpanel\" aria-labelledby=\"headingThree\">\n<div class=\"panel-body\"><div class=\"woofood-products-wrapper\"><ul class=\"woofood-products\">  <li class=\"woofood-product-loop \">\n     <div class=\"product-image\">\n        <img loading=\"lazy\" decoding=\"async\" width=\"60\" height=\"60\" src=\"https:\/\/afrikcity91.fr\/commande\/wp-content\/uploads\/2024\/12\/alocco-60x60.jpg\" class=\"attachment-woofood-accordion size-woofood-accordion wp-post-image\" alt=\"\" srcset=\"https:\/\/afrikcity91.fr\/commande\/wp-content\/uploads\/2024\/12\/alocco-60x60.jpg 60w, https:\/\/afrikcity91.fr\/commande\/wp-content\/uploads\/2024\/12\/alocco-150x150.jpg 150w, https:\/\/afrikcity91.fr\/commande\/wp-content\/uploads\/2024\/12\/alocco-400x400.jpg 400w, https:\/\/afrikcity91.fr\/commande\/wp-content\/uploads\/2024\/12\/alocco-300x300.jpg 300w, https:\/\/afrikcity91.fr\/commande\/wp-content\/uploads\/2024\/12\/alocco-100x100.jpg 100w\" sizes=\"auto, (max-width: 60px) 100vw, 60px\" \/>  <\/div>\n    <div class=\"product-title\">\n<span>Alocco<\/span>\n        <div class=\"product-short-descr\">\n    <span>Bananes plantains frites<\/span>\n    <\/div>\n          <\/div>\n  <div class=\"product-price\">\n  <span class=\"woocommerce-Price-amount amount\"><bdi>5,00<span class=\"woocommerce-Price-currencySymbol\">&euro;<\/span><\/bdi><\/span>  <\/div>\n  <div class=\"product-button\">\n  \n                <form action=\"\/commande\/wp-json\/wp\/v2\/pages\/4411?add-to-cart=5120\" class=\"cart\" method=\"post\" enctype=\"multipart\/form-data\">\n<button type=\"submit\" data-product_id=\"5120\" data-product_sku=\"\" data-quantity=\"1\" class=\"add_to_cart_button button product_type_simple ajax_add_to_cart \">Ajouter<\/button>            <\/form>\n\n    \n<\/div>\n<\/li>\n  <li class=\"woofood-product-loop \">\n     <div class=\"product-image\">\n        <img loading=\"lazy\" decoding=\"async\" width=\"60\" height=\"60\" src=\"https:\/\/afrikcity91.fr\/commande\/wp-content\/uploads\/2024\/12\/pastel-60x60.jpg\" class=\"attachment-woofood-accordion size-woofood-accordion wp-post-image\" alt=\"\" srcset=\"https:\/\/afrikcity91.fr\/commande\/wp-content\/uploads\/2024\/12\/pastel-60x60.jpg 60w, https:\/\/afrikcity91.fr\/commande\/wp-content\/uploads\/2024\/12\/pastel-150x150.jpg 150w, https:\/\/afrikcity91.fr\/commande\/wp-content\/uploads\/2024\/12\/pastel-400x400.jpg 400w, https:\/\/afrikcity91.fr\/commande\/wp-content\/uploads\/2024\/12\/pastel-300x300.jpg 300w, https:\/\/afrikcity91.fr\/commande\/wp-content\/uploads\/2024\/12\/pastel-100x100.jpg 100w\" sizes=\"auto, (max-width: 60px) 100vw, 60px\" \/>  <\/div>\n    <div class=\"product-title\">\n<span>Pastel<\/span>\n        <div class=\"product-short-descr\">\n    <span>Pastel par 6 au thon, poulet, b\u0153uf ou Boursin au choix<\/span>\n    <\/div>\n          <\/div>\n  <div class=\"product-price\">\n  <span class=\"woocommerce-Price-amount amount\"><bdi>5,00<span class=\"woocommerce-Price-currencySymbol\">&euro;<\/span><\/bdi><\/span>  <\/div>\n  <div class=\"product-button\">\n  \n                <form action=\"\/commande\/wp-json\/wp\/v2\/pages\/4411?add-to-cart=5121\" class=\"cart\" method=\"post\" enctype=\"multipart\/form-data\">\n<button type=\"submit\" data-product_id=\"5121\" data-product_sku=\"\" data-quantity=\"1\" class=\"add_to_cart_button button product_type_simple ajax_add_to_cart \">Ajouter<\/button>            <\/form>\n\n    \n<\/div>\n<\/li>\n<\/ul><\/div>\n<\/div>\n<\/div>\n<\/div>\n\n\n <div class=\"woofood-accordion\"> <a class=\"collapsed\" data-toggle=\"collapse\" data-target=\"#wf-accordion-dessert\" href=\"#wf-accordion-dessert\" aria-expanded=\"false\" aria-controls=\"collapseThree\">  <div class=\"panel-heading panel-heading-title\" style=\"\n          \n              background:#B9955F;\n            \"\n            ><img decoding=\"async\" src=\"https:\/\/afrikcity91.fr\/commande\/\/wp-content\/uploads\/2020\/02\/dessert.png\"\/><h4 class=\"panel-title\" style=\"color: white\">Dessert<\/h4> <div class=\"accordion-plus-icon\" >\n<i class=\"woofood-icon-plus-circled\" style=\"color: white\" ><\/i> \n<\/div>  <\/div><\/a>  <div id=\"wf-accordion-dessert\" class=\"panel-collapse collapse\" role=\"tabpanel\" aria-labelledby=\"headingThree\">\n<div class=\"panel-body\"><div class=\"woofood-products-wrapper\"><ul class=\"woofood-products\">  <li class=\"woofood-product-loop \">\n     <div class=\"product-image\">\n        <img loading=\"lazy\" decoding=\"async\" width=\"60\" height=\"36\" src=\"https:\/\/afrikcity91.fr\/commande\/wp-content\/uploads\/2019\/12\/tiramisu.jpg\" class=\"attachment-woofood-accordion size-woofood-accordion wp-post-image\" alt=\"\" srcset=\"https:\/\/afrikcity91.fr\/commande\/wp-content\/uploads\/2019\/12\/tiramisu.jpg 370w, https:\/\/afrikcity91.fr\/commande\/wp-content\/uploads\/2019\/12\/tiramisu-300x178.jpg 300w\" sizes=\"auto, (max-width: 60px) 100vw, 60px\" \/>  <\/div>\n    <div class=\"product-title\">\n<span>Tiramisu maison<\/span>\n        <div class=\"product-short-descr\">\n    <span><\/span>\n    <\/div>\n          <\/div>\n  <div class=\"product-price\">\n  <span class=\"woocommerce-Price-amount amount\"><bdi>3,00<span class=\"woocommerce-Price-currencySymbol\">&euro;<\/span><\/bdi><\/span>  <\/div>\n  <div class=\"product-button\">\n  \n                <form action=\"\/commande\/wp-json\/wp\/v2\/pages\/4411?add-to-cart=4650\" class=\"cart\" method=\"post\" enctype=\"multipart\/form-data\">\n<button type=\"submit\" data-product_id=\"4650\" data-product_sku=\"\" data-quantity=\"1\" class=\"add_to_cart_button button product_type_simple ajax_add_to_cart \">Ajouter<\/button>            <\/form>\n\n    \n<\/div>\n<\/li>\n  <li class=\"woofood-product-loop \">\n     <div class=\"product-image\">\n        <img loading=\"lazy\" decoding=\"async\" width=\"60\" height=\"60\" src=\"https:\/\/afrikcity91.fr\/commande\/wp-content\/uploads\/2024\/12\/tarte-60x60.jpg\" class=\"attachment-woofood-accordion size-woofood-accordion wp-post-image\" alt=\"\" srcset=\"https:\/\/afrikcity91.fr\/commande\/wp-content\/uploads\/2024\/12\/tarte-60x60.jpg 60w, https:\/\/afrikcity91.fr\/commande\/wp-content\/uploads\/2024\/12\/tarte-150x150.jpg 150w, https:\/\/afrikcity91.fr\/commande\/wp-content\/uploads\/2024\/12\/tarte-400x400.jpg 400w, https:\/\/afrikcity91.fr\/commande\/wp-content\/uploads\/2024\/12\/tarte-300x300.jpg 300w, https:\/\/afrikcity91.fr\/commande\/wp-content\/uploads\/2024\/12\/tarte-100x100.jpg 100w\" sizes=\"auto, (max-width: 60px) 100vw, 60px\" \/>  <\/div>\n    <div class=\"product-title\">\n<span>Tarte aux Daims<\/span>\n        <div class=\"product-short-descr\">\n    <span><\/span>\n    <\/div>\n          <\/div>\n  <div class=\"product-price\">\n  <span class=\"woocommerce-Price-amount amount\"><bdi>3,00<span class=\"woocommerce-Price-currencySymbol\">&euro;<\/span><\/bdi><\/span>  <\/div>\n  <div class=\"product-button\">\n  \n                <form action=\"\/commande\/wp-json\/wp\/v2\/pages\/4411?add-to-cart=4651\" class=\"cart\" method=\"post\" enctype=\"multipart\/form-data\">\n<button type=\"submit\" data-product_id=\"4651\" data-product_sku=\"\" data-quantity=\"1\" class=\"add_to_cart_button button product_type_simple ajax_add_to_cart \">Ajouter<\/button>            <\/form>\n\n    \n<\/div>\n<\/li>\n<\/ul><\/div>\n<\/div>\n<\/div>\n<\/div>\n\n\n <div class=\"woofood-accordion\"> <a class=\"collapsed\" data-toggle=\"collapse\" data-target=\"#wf-accordion-boisson\" href=\"#wf-accordion-boisson\" aria-expanded=\"false\" aria-controls=\"collapseThree\">  <div class=\"panel-heading panel-heading-title\" style=\"\n          \n              background:#B9955F;\n            \"\n            ><img decoding=\"async\" src=\"https:\/\/afrikcity91.fr\/commande\/\/wp-content\/uploads\/2020\/02\/boisson.png\"\/><h4 class=\"panel-title\" style=\"color: white\">Boisson<\/h4> <div class=\"accordion-plus-icon\" >\n<i class=\"woofood-icon-plus-circled\" style=\"color: white\" ><\/i> \n<\/div>  <\/div><\/a>  <div id=\"wf-accordion-boisson\" class=\"panel-collapse collapse\" role=\"tabpanel\" aria-labelledby=\"headingThree\">\n<div class=\"panel-body\"><div class=\"woofood-products-wrapper\"><ul class=\"woofood-products\">  <li class=\"woofood-product-loop \">\n     <div class=\"product-image\">\n        <img loading=\"lazy\" decoding=\"async\" width=\"60\" height=\"60\" src=\"https:\/\/afrikcity91.fr\/commande\/wp-content\/uploads\/2024\/12\/bissap-60x60.jpg\" class=\"attachment-woofood-accordion size-woofood-accordion wp-post-image\" alt=\"\" srcset=\"https:\/\/afrikcity91.fr\/commande\/wp-content\/uploads\/2024\/12\/bissap-60x60.jpg 60w, https:\/\/afrikcity91.fr\/commande\/wp-content\/uploads\/2024\/12\/bissap-150x150.jpg 150w, https:\/\/afrikcity91.fr\/commande\/wp-content\/uploads\/2024\/12\/bissap-400x400.jpg 400w, https:\/\/afrikcity91.fr\/commande\/wp-content\/uploads\/2024\/12\/bissap-300x300.jpg 300w, https:\/\/afrikcity91.fr\/commande\/wp-content\/uploads\/2024\/12\/bissap-100x100.jpg 100w\" sizes=\"auto, (max-width: 60px) 100vw, 60px\" \/>  <\/div>\n    <div class=\"product-title\">\n<span>Jus de Bissap<\/span>\n        <div class=\"product-short-descr\">\n    <span><\/span>\n    <\/div>\n          <\/div>\n  <div class=\"product-price\">\n  <span class=\"woocommerce-Price-amount amount\"><bdi>2,50<span class=\"woocommerce-Price-currencySymbol\">&euro;<\/span><\/bdi><\/span>  <\/div>\n  <div class=\"product-button\">\n  \n                <form action=\"\/commande\/wp-json\/wp\/v2\/pages\/4411?add-to-cart=5122\" class=\"cart\" method=\"post\" enctype=\"multipart\/form-data\">\n<button type=\"submit\" data-product_id=\"5122\" data-product_sku=\"\" data-quantity=\"1\" class=\"add_to_cart_button button product_type_simple ajax_add_to_cart \">Ajouter<\/button>            <\/form>\n\n    \n<\/div>\n<\/li>\n  <li class=\"woofood-product-loop \">\n     <div class=\"product-image\">\n        <img loading=\"lazy\" decoding=\"async\" width=\"60\" height=\"60\" src=\"https:\/\/afrikcity91.fr\/commande\/wp-content\/uploads\/2024\/12\/gingembre-60x60.jpg\" class=\"attachment-woofood-accordion size-woofood-accordion wp-post-image\" alt=\"\" srcset=\"https:\/\/afrikcity91.fr\/commande\/wp-content\/uploads\/2024\/12\/gingembre-60x60.jpg 60w, https:\/\/afrikcity91.fr\/commande\/wp-content\/uploads\/2024\/12\/gingembre-150x150.jpg 150w, https:\/\/afrikcity91.fr\/commande\/wp-content\/uploads\/2024\/12\/gingembre-400x400.jpg 400w, https:\/\/afrikcity91.fr\/commande\/wp-content\/uploads\/2024\/12\/gingembre-300x300.jpg 300w, https:\/\/afrikcity91.fr\/commande\/wp-content\/uploads\/2024\/12\/gingembre-100x100.jpg 100w\" sizes=\"auto, (max-width: 60px) 100vw, 60px\" \/>  <\/div>\n    <div class=\"product-title\">\n<span>Jus de gingembre<\/span>\n        <div class=\"product-short-descr\">\n    <span><\/span>\n    <\/div>\n          <\/div>\n  <div class=\"product-price\">\n  <span class=\"woocommerce-Price-amount amount\"><bdi>2,50<span class=\"woocommerce-Price-currencySymbol\">&euro;<\/span><\/bdi><\/span>  <\/div>\n  <div class=\"product-button\">\n  \n                <form action=\"\/commande\/wp-json\/wp\/v2\/pages\/4411?add-to-cart=5123\" class=\"cart\" method=\"post\" enctype=\"multipart\/form-data\">\n<button type=\"submit\" data-product_id=\"5123\" data-product_sku=\"\" data-quantity=\"1\" class=\"add_to_cart_button button product_type_simple ajax_add_to_cart \">Ajouter<\/button>            <\/form>\n\n    \n<\/div>\n<\/li>\n<\/ul><\/div>\n<\/div>\n<\/div>\n<\/div>\n","protected":false},"excerpt":{"rendered":"<p>Vous avez la possibilit\u00e9 de passer commande sur le site et soit payer lors de la livraison (esp\u00e8ce), soit de payer en ligne via notre syst\u00e8me de paiement s\u00e9curis\u00e9. Horaires de livraison : De 20h \u00e0 2h du matin en semaine et jusqu&rsquo;\u00e0 4h le weekend. Ou bien vous pouvez nous appeler ou nous envoyer [&hellip;]<\/p>\n","protected":false},"author":1,"featured_media":0,"parent":0,"menu_order":0,"comment_status":"closed","ping_status":"closed","template":"","meta":{"footnotes":""},"class_list":["post-4411","page","type-page","status-publish","hentry"],"_links":{"self":[{"href":"https:\/\/afrikcity91.fr\/commande\/wp-json\/wp\/v2\/pages\/4411","targetHints":{"allow":["GET"]}}],"collection":[{"href":"https:\/\/afrikcity91.fr\/commande\/wp-json\/wp\/v2\/pages"}],"about":[{"href":"https:\/\/afrikcity91.fr\/commande\/wp-json\/wp\/v2\/types\/page"}],"author":[{"embeddable":true,"href":"https:\/\/afrikcity91.fr\/commande\/wp-json\/wp\/v2\/users\/1"}],"replies":[{"embeddable":true,"href":"https:\/\/afrikcity91.fr\/commande\/wp-json\/wp\/v2\/comments?post=4411"}],"version-history":[{"count":27,"href":"https:\/\/afrikcity91.fr\/commande\/wp-json\/wp\/v2\/pages\/4411\/revisions"}],"predecessor-version":[{"id":5154,"href":"https:\/\/afrikcity91.fr\/commande\/wp-json\/wp\/v2\/pages\/4411\/revisions\/5154"}],"wp:attachment":[{"href":"https:\/\/afrikcity91.fr\/commande\/wp-json\/wp\/v2\/media?parent=4411"}],"curies":[{"name":"wp","href":"https:\/\/api.w.org\/{rel}","templated":true}]}}